{"id":69,"date":"2025-09-14T15:20:20","date_gmt":"2025-09-14T15:20:20","guid":{"rendered":"https:\/\/www.djregius.com\/?page_id=69"},"modified":"2025-09-14T15:48:02","modified_gmt":"2025-09-14T15:48:02","slug":"service","status":"publish","type":"page","link":"https:\/\/www.djregius.com\/index.php\/service\/","title":{"rendered":"SERVICE"},"content":{"rendered":"\t\t<div data-elementor-type=\"wp-page\" data-elementor-id=\"69\" class=\"elementor elementor-69\">\n\t\t\t\t<div class=\"elementor-element elementor-element-e46c4e5 e-flex e-con-boxed e-con e-parent\" data-id=\"e46c4e5\" data-element_type=\"container\" data-e-type=\"container\">\n\t\t\t\t\t<div class=\"e-con-inner\">\n\t\t\t\t<div class=\"elementor-element elementor-element-0a98d50 elementor-widget elementor-widget-text-editor\" data-id=\"0a98d50\" data-element_type=\"widget\" data-e-type=\"widget\" data-widget_type=\"text-editor.default\">\n\t\t\t\t\t\t\t\t\t<p>Vous cherchez une sonorisation pour vos \u00e9v\u00e9nements: mariage, anniversaire, soir\u00e9e priv\u00e9e, f\u00eate d&rsquo;entreprise, etc. ? Nous proposons le mat\u00e9riel adapt\u00e9 \u00e0 vos besoins:<\/p><p>Jusqu&rsquo;\u00e0 5000 W de puissance sonore<\/p><p>\u00a02 micros sans fil et 1 micro filaire<\/p><p>Table de mixage et contr\u00f4leur DJ<\/p><p>\u00c9clairage et 5 haut-parleurs puissants avec tr\u00e9pieds<\/p><p>Caisson de basses<br \/>Possibilit\u00e9 de constituer un pack selon la taille de votre \u00e9v\u00e9nement:<\/p><p>\u2022 30 \u00e0 100 personnes<\/p><p>\u2022 100 \u00e0 300 personnes<\/p><p>\u2022 300 \u00e0 500 personnes<\/p><p>Nous assurons la livraison et l&rsquo;installation dans le d\u00e9partement 44.<\/p><p>D\u00e9couvrez ci-dessous quelques photos pour mieux visualiser notre mat\u00e9riel et nos\u00a0installations<\/p>\t\t\t\t\t\t\t\t<\/div>\n\t\t\t\t\t<\/div>\n\t\t\t\t<\/div>\n\t\t<div class=\"elementor-element elementor-element-b62e1c9 e-flex e-con-boxed e-con e-parent\" data-id=\"b62e1c9\" data-element_type=\"container\" data-e-type=\"container\">\n\t\t\t\t\t<div class=\"e-con-inner\">\n\t\t\t\t<div class=\"elementor-element elementor-element-137fb3b elementor-widget elementor-widget-image\" data-id=\"137fb3b\" data-element_type=\"widget\" data-e-type=\"widget\" data-widget_type=\"image.default\">\n\t\t\t\t\t\t\t\t\t\t\t\t\t\t\t<img fetchpriority=\"high\" decoding=\"async\" width=\"1024\" height=\"808\" src=\"https:\/\/www.djregius.com\/wp-content\/uploads\/2025\/09\/WhatsApp-Image-2024-09-19-a-20.17.31_d82ff610-1024x808.jpg\" class=\"attachment-large size-large wp-image-73\" alt=\"\" srcset=\"https:\/\/www.djregius.com\/wp-content\/uploads\/2025\/09\/WhatsApp-Image-2024-09-19-a-20.17.31_d82ff610-1024x808.jpg 1024w, https:\/\/www.djregius.com\/wp-content\/uploads\/2025\/09\/WhatsApp-Image-2024-09-19-a-20.17.31_d82ff610-600x473.jpg 600w, https:\/\/www.djregius.com\/wp-content\/uploads\/2025\/09\/WhatsApp-Image-2024-09-19-a-20.17.31_d82ff610-300x237.jpg 300w, https:\/\/www.djregius.com\/wp-content\/uploads\/2025\/09\/WhatsApp-Image-2024-09-19-a-20.17.31_d82ff610-768x606.jpg 768w, https:\/\/www.djregius.com\/wp-content\/uploads\/2025\/09\/WhatsApp-Image-2024-09-19-a-20.17.31_d82ff610-1536x1212.jpg 1536w, https:\/\/www.djregius.com\/wp-content\/uploads\/2025\/09\/WhatsApp-Image-2024-09-19-a-20.17.31_d82ff610.jpg 2048w\" sizes=\"(max-width: 1024px) 100vw, 1024px\" \/>\t\t\t\t\t\t\t\t\t\t\t\t\t\t\t<\/div>\n\t\t\t\t\t<\/div>\n\t\t\t\t<\/div>\n\t\t<div class=\"elementor-element elementor-element-deac3ee e-flex e-con-boxed e-con e-parent\" data-id=\"deac3ee\" data-element_type=\"container\" data-e-type=\"container\">\n\t\t\t\t\t<div class=\"e-con-inner\">\n\t\t<div class=\"elementor-element elementor-element-d05619e e-con-full e-flex e-con e-child\" data-id=\"d05619e\" data-element_type=\"container\" data-e-type=\"container\">\n\t\t\t\t<\/div>\n\t\t<div class=\"elementor-element elementor-element-36ca4a7 e-con-full e-flex e-con e-child\" data-id=\"36ca4a7\" data-element_type=\"container\" data-e-type=\"container\">\n\t\t\t\t<\/div>\n\t\t\t\t<div class=\"elementor-element elementor-element-b5cd18a elementor-widget elementor-widget-image\" data-id=\"b5cd18a\" data-element_type=\"widget\" data-e-type=\"widget\" data-widget_type=\"image.default\">\n\t\t\t\t\t\t\t\t\t\t\t\t\t\t\t<img decoding=\"async\" width=\"1024\" height=\"739\" src=\"https:\/\/www.djregius.com\/wp-content\/uploads\/2025\/09\/WhatsApp-Image-2024-09-19-a-20.23.34_4574f985-1024x739.jpg\" class=\"attachment-large size-large wp-image-74\" alt=\"\" srcset=\"https:\/\/www.djregius.com\/wp-content\/uploads\/2025\/09\/WhatsApp-Image-2024-09-19-a-20.23.34_4574f985-1024x739.jpg 1024w, https:\/\/www.djregius.com\/wp-content\/uploads\/2025\/09\/WhatsApp-Image-2024-09-19-a-20.23.34_4574f985-600x433.jpg 600w, https:\/\/www.djregius.com\/wp-content\/uploads\/2025\/09\/WhatsApp-Image-2024-09-19-a-20.23.34_4574f985-300x216.jpg 300w, https:\/\/www.djregius.com\/wp-content\/uploads\/2025\/09\/WhatsApp-Image-2024-09-19-a-20.23.34_4574f985-768x554.jpg 768w, https:\/\/www.djregius.com\/wp-content\/uploads\/2025\/09\/WhatsApp-Image-2024-09-19-a-20.23.34_4574f985-1536x1108.jpg 1536w, https:\/\/www.djregius.com\/wp-content\/uploads\/2025\/09\/WhatsApp-Image-2024-09-19-a-20.23.34_4574f985.jpg 2048w\" sizes=\"(max-width: 1024px) 100vw, 1024px\" \/>\t\t\t\t\t\t\t\t\t\t\t\t\t\t\t<\/div>\n\t\t\t\t<div class=\"elementor-element elementor-element-1245f31 elementor-widget elementor-widget-image\" data-id=\"1245f31\" data-element_type=\"widget\" data-e-type=\"widget\" data-widget_type=\"image.default\">\n\t\t\t\t\t\t\t\t\t\t\t\t\t\t\t<img decoding=\"async\" width=\"772\" height=\"1024\" src=\"https:\/\/www.djregius.com\/wp-content\/uploads\/2025\/09\/WhatsApp-Image-2024-09-19-a-20.23.33_c056e142-772x1024.jpg\" class=\"attachment-large size-large wp-image-75\" alt=\"\" srcset=\"https:\/\/www.djregius.com\/wp-content\/uploads\/2025\/09\/WhatsApp-Image-2024-09-19-a-20.23.33_c056e142-772x1024.jpg 772w, https:\/\/www.djregius.com\/wp-content\/uploads\/2025\/09\/WhatsApp-Image-2024-09-19-a-20.23.33_c056e142-600x796.jpg 600w, https:\/\/www.djregius.com\/wp-content\/uploads\/2025\/09\/WhatsApp-Image-2024-09-19-a-20.23.33_c056e142-226x300.jpg 226w, https:\/\/www.djregius.com\/wp-content\/uploads\/2025\/09\/WhatsApp-Image-2024-09-19-a-20.23.33_c056e142-768x1018.jpg 768w, https:\/\/www.djregius.com\/wp-content\/uploads\/2025\/09\/WhatsApp-Image-2024-09-19-a-20.23.33_c056e142.jpg 1080w\" sizes=\"(max-width: 772px) 100vw, 772px\" \/>\t\t\t\t\t\t\t\t\t\t\t\t\t\t\t<\/div>\n\t\t\t\t\t<\/div>\n\t\t\t\t<\/div>\n\t\t\t\t<\/div>\n\t\t","protected":false},"excerpt":{"rendered":"<p>Vous cherchez une sonorisation pour vos \u00e9v\u00e9nements: mariage, anniversaire, soir\u00e9e priv\u00e9e, f\u00eate d&rsquo;entreprise, etc. ? Nous proposons le mat\u00e9riel adapt\u00e9 \u00e0 vos besoins: Jusqu&rsquo;\u00e0 5000 W de puissance sonore \u00a02 micros sans fil et 1 micro filaire Table de mixage et contr\u00f4leur DJ \u00c9clairage et 5 haut-parleurs puissants avec tr\u00e9pieds Caisson de bassesPossibilit\u00e9 de constituer [&hellip;]<\/p>\n","protected":false},"author":1,"featured_media":0,"parent":0,"menu_order":0,"comment_status":"closed","ping_status":"closed","template":"","meta":{"footnotes":""},"class_list":["post-69","page","type-page","status-publish","hentry"],"jetpack_sharing_enabled":true,"_links":{"self":[{"href":"https:\/\/www.djregius.com\/index.php\/wp-json\/wp\/v2\/pages\/69","targetHints":{"allow":["GET"]}}],"collection":[{"href":"https:\/\/www.djregius.com\/index.php\/wp-json\/wp\/v2\/pages"}],"about":[{"href":"https:\/\/www.djregius.com\/index.php\/wp-json\/wp\/v2\/types\/page"}],"author":[{"embeddable":true,"href":"https:\/\/www.djregius.com\/index.php\/wp-json\/wp\/v2\/users\/1"}],"replies":[{"embeddable":true,"href":"https:\/\/www.djregius.com\/index.php\/wp-json\/wp\/v2\/comments?post=69"}],"version-history":[{"count":4,"href":"https:\/\/www.djregius.com\/index.php\/wp-json\/wp\/v2\/pages\/69\/revisions"}],"predecessor-version":[{"id":78,"href":"https:\/\/www.djregius.com\/index.php\/wp-json\/wp\/v2\/pages\/69\/revisions\/78"}],"wp:attachment":[{"href":"https:\/\/www.djregius.com\/index.php\/wp-json\/wp\/v2\/media?parent=69"}],"curies":[{"name":"wp","href":"https:\/\/api.w.org\/{rel}","templated":true}]}}